{"id":3218,"date":"2024-10-13T03:37:03","date_gmt":"2024-10-13T03:37:03","guid":{"rendered":"https:\/\/auschwitztoursfromwarsaw.com\/blog\/"},"modified":"2024-10-18T08:15:04","modified_gmt":"2024-10-18T08:15:04","slug":"blog","status":"publish","type":"page","link":"https:\/\/auschwitztoursfromwarsaw.com\/de\/blog\/","title":{"rendered":"Blog"},"content":{"rendered":"<style>.kb-row-layout-id3218_196e97-7e > .kt-row-column-wrap{align-content:center;}:where(.kb-row-layout-id3218_196e97-7e > .kt-row-column-wrap) > .wp-block-kadence-column{justify-content:center;}.kb-row-layout-id3218_196e97-7e > .kt-row-column-wrap{column-gap:var(--global-kb-gap-md, 2rem);row-gap:var(--global-kb-gap-md, 2rem);max-width:1000px;margin-left:auto;margin-right:auto;padding-top:100px;padding-right:25px;padding-bottom:100px;padding-left:25px;min-height:700px;grid-template-columns:minmax(0, 1fr);}.kb-row-layout-id3218_196e97-7e{background-image:url('https:\/\/auschwitztoursfromwarsaw.com\/wp-content\/uploads\/2024\/10\/Signs-at-Auschwitz-Birkenau-concentration-camp.jpg');background-size:cover;background-position:47% 28.999999999999996%;background-attachment:scroll;background-repeat:no-repeat;}.kb-row-layout-id3218_196e97-7e > .kt-row-layout-overlay{opacity:0.59;background-color:var(--global-palette3, #1A202C);}@media all and (max-width: 1024px){.kb-row-layout-id3218_196e97-7e > .kt-row-column-wrap{grid-template-columns:minmax(0, 1fr);}}@media all and (max-width: 767px){.kb-row-layout-id3218_196e97-7e > .kt-row-column-wrap{padding-top:100px;padding-bottom:100px;min-height:470px;grid-template-columns:minmax(0, 1fr);}}<\/style><div class=\"kb-row-layout-wrap kb-row-layout-id3218_196e97-7e alignnone kt-row-has-bg wp-block-kadence-rowlayout\"><div class=\"kt-row-layout-overlay kt-row-overlay-normal\"><\/div><div class=\"kt-row-column-wrap kt-has-1-columns kt-row-layout-equal kt-tab-layout-inherit kt-mobile-layout-row kt-row-valign-middle\">\n<style>.kadence-column3218_c64e90-16 > .kt-inside-inner-col,.kadence-column3218_c64e90-16 > .kt-inside-inner-col:before{border-top-left-radius:0px;border-top-right-radius:0px;border-bottom-right-radius:0px;border-bottom-left-radius:0px;}.kadence-column3218_c64e90-16 > .kt-inside-inner-col{column-gap:var(--global-kb-gap-sm, 1rem);}.kadence-column3218_c64e90-16 > .kt-inside-inner-col{flex-direction:column;}.kadence-column3218_c64e90-16 > .kt-inside-inner-col > .aligncenter{width:100%;}.kadence-column3218_c64e90-16 > .kt-inside-inner-col:before{opacity:0.3;}.kadence-column3218_c64e90-16{position:relative;}@media all and (max-width: 1024px){.kadence-column3218_c64e90-16 > .kt-inside-inner-col{flex-direction:column;justify-content:center;}}@media all and (max-width: 767px){.kadence-column3218_c64e90-16 > .kt-inside-inner-col{flex-direction:column;justify-content:center;}}<\/style>\n<div class=\"wp-block-kadence-column kadence-column3218_c64e90-16\"><div class=\"kt-inside-inner-col\">\n<h1 class=\"wp-block-heading has-text-align-center has-theme-palette-9-color has-text-color has-link-color wp-elements-539ba7c3590ae7e1ed3cb5b63b03cd8d\" style=\"font-size:40px\">Blog &#8211; Auschwitz Touren ab Warschau<\/h1>\n<\/div><\/div>\n\n<\/div><\/div>\n\n<style>.kb-row-layout-id3218_a6d9aa-50 > .kt-row-column-wrap{align-content:start;}:where(.kb-row-layout-id3218_a6d9aa-50 > .kt-row-column-wrap) > .wp-block-kadence-column{justify-content:start;}.kb-row-layout-id3218_a6d9aa-50 > .kt-row-column-wrap{column-gap:var(--global-kb-gap-md, 2rem);row-gap:var(--global-kb-gap-md, 2rem);max-width:1000px;margin-left:auto;margin-right:auto;padding-top:60px;padding-right:25px;padding-bottom:60px;padding-left:25px;grid-template-columns:minmax(0, 1fr);}.kb-row-layout-id3218_a6d9aa-50 > .kt-row-layout-overlay{opacity:0.30;}@media all and (max-width: 1024px){.kb-row-layout-id3218_a6d9aa-50 > .kt-row-column-wrap{grid-template-columns:minmax(0, 1fr);}}@media all and (max-width: 767px){.kb-row-layout-id3218_a6d9aa-50 > .kt-row-column-wrap{grid-template-columns:minmax(0, 1fr);}}<\/style><div class=\"kb-row-layout-wrap kb-row-layout-id3218_a6d9aa-50 alignnone has-theme-palette8-background-color kt-row-has-bg wp-block-kadence-rowlayout\"><div class=\"kt-row-column-wrap kt-has-1-columns kt-row-layout-equal kt-tab-layout-inherit kt-mobile-layout-row kt-row-valign-top\">\n<style>.kadence-column3218_b7d66b-83 > .kt-inside-inner-col,.kadence-column3218_b7d66b-83 > .kt-inside-inner-col:before{border-top-left-radius:0px;border-top-right-radius:0px;border-bottom-right-radius:0px;border-bottom-left-radius:0px;}.kadence-column3218_b7d66b-83 > .kt-inside-inner-col{column-gap:var(--global-kb-gap-sm, 1rem);}.kadence-column3218_b7d66b-83 > .kt-inside-inner-col{flex-direction:column;}.kadence-column3218_b7d66b-83 > .kt-inside-inner-col > .aligncenter{width:100%;}.kadence-column3218_b7d66b-83 > .kt-inside-inner-col:before{opacity:0.3;}.kadence-column3218_b7d66b-83{position:relative;}@media all and (max-width: 1024px){.kadence-column3218_b7d66b-83 > .kt-inside-inner-col{flex-direction:column;justify-content:center;}}@media all and (max-width: 767px){.kadence-column3218_b7d66b-83 > .kt-inside-inner-col{flex-direction:column;justify-content:center;}}<\/style>\n<div class=\"wp-block-kadence-column kadence-column3218_b7d66b-83\"><div class=\"kt-inside-inner-col\">\n<h2 class=\"wp-block-heading has-text-align-center\">Willkommen auf unserem Blog: Erfahren Sie alles \u00fcber Auschwitz<\/h2>\n<\/div><\/div>\n\n<\/div><\/div>\n\n\n<div class=\"wp-block-columns has-theme-palette-3-color has-text-color has-link-color wp-elements-7a24e8366b002b8ef2a47fe72c3aff45 is-layout-flex wp-container-core-columns-is-layout-88098167 wp-block-columns-is-layout-flex\" style=\"padding-right:var(--wp--preset--spacing--30);padding-left:var(--wp--preset--spacing--30)\">\n<div class=\"wp-block-column is-layout-flow wp-block-column-is-layout-flow\">\n<h3 class=\"wp-block-heading has-text-align-center has-theme-palette-3-color has-text-color has-link-color wp-elements-128af5841ca16dec4232365fb111a28d\"><a href=\"https:\/\/auschwitztoursfromwarsaw.com\/is-auschwitz-worth-visiting\/\">10 Gr\u00fcnde f\u00fcr einen Besuch in Auschwitz<\/a><\/h3>\n\n\n\n<figure class=\"wp-block-image size-large\"><img decoding=\"async\" width=\"1024\" height=\"683\" src=\"https:\/\/auschwitztoursfromwarsaw.com\/wp-content\/uploads\/2024\/10\/Entrance-of-Auschwitz-Birkenau-memorial-on-a-trip-from-Warsaw-to-Auschwitz-1024x683.jpg\" alt=\"Eingang der Gedenkst\u00e4tte Auschwitz-Birkenau auf einer Reise von Warschau nach Auschwitz - Ist Auschwitz einen Besuch wert?\" class=\"wp-image-2331\" style=\"aspect-ratio:16\/9;object-fit:cover\" srcset=\"https:\/\/auschwitztoursfromwarsaw.com\/wp-content\/uploads\/2024\/10\/Entrance-of-Auschwitz-Birkenau-memorial-on-a-trip-from-Warsaw-to-Auschwitz-1024x683.jpg 1024w, https:\/\/auschwitztoursfromwarsaw.com\/wp-content\/uploads\/2024\/10\/Entrance-of-Auschwitz-Birkenau-memorial-on-a-trip-from-Warsaw-to-Auschwitz-300x200.jpg 300w, https:\/\/auschwitztoursfromwarsaw.com\/wp-content\/uploads\/2024\/10\/Entrance-of-Auschwitz-Birkenau-memorial-on-a-trip-from-Warsaw-to-Auschwitz-768x512.jpg 768w, https:\/\/auschwitztoursfromwarsaw.com\/wp-content\/uploads\/2024\/10\/Entrance-of-Auschwitz-Birkenau-memorial-on-a-trip-from-Warsaw-to-Auschwitz.jpg 1500w\" sizes=\"(max-width: 1024px) 100vw, 1024px\" \/><\/figure>\n<\/div>\n\n\n\n<div class=\"wp-block-column is-layout-flow wp-block-column-is-layout-flow\">\n<h3 class=\"wp-block-heading has-text-align-center has-theme-palette-3-color has-text-color has-link-color wp-elements-a2d600347cf2a4a9a9c8cf31702ca044\"><a href=\"https:\/\/auschwitztoursfromwarsaw.com\/warsaw-to-auschwitz\/\">Wie kommt man von Warschau nach Auschwitz?<\/a><\/h3>\n\n\n\n<figure class=\"wp-block-image size-large\"><img decoding=\"async\" width=\"1024\" height=\"768\" src=\"https:\/\/auschwitztoursfromwarsaw.com\/wp-content\/uploads\/2024\/10\/Warsaw-Station-getting-from-Warsaw-to-Auschwitz-1024x768.jpg\" alt=\"Warschauer Bahnhof - Anreise von Warschau nach Auschwitz\" class=\"wp-image-2411\" style=\"aspect-ratio:16\/9;object-fit:cover\" srcset=\"https:\/\/auschwitztoursfromwarsaw.com\/wp-content\/uploads\/2024\/10\/Warsaw-Station-getting-from-Warsaw-to-Auschwitz-1024x768.jpg 1024w, https:\/\/auschwitztoursfromwarsaw.com\/wp-content\/uploads\/2024\/10\/Warsaw-Station-getting-from-Warsaw-to-Auschwitz-300x225.jpg 300w, https:\/\/auschwitztoursfromwarsaw.com\/wp-content\/uploads\/2024\/10\/Warsaw-Station-getting-from-Warsaw-to-Auschwitz-768x576.jpg 768w, https:\/\/auschwitztoursfromwarsaw.com\/wp-content\/uploads\/2024\/10\/Warsaw-Station-getting-from-Warsaw-to-Auschwitz.jpg 1500w\" sizes=\"(max-width: 1024px) 100vw, 1024px\" \/><\/figure>\n<\/div>\n\n\n\n<div class=\"wp-block-column is-layout-flow wp-block-column-is-layout-flow\">\n<h3 class=\"wp-block-heading has-text-align-center has-theme-palette-3-color has-text-color has-link-color wp-elements-a05ddd081271699900ea2c05ccfbf511\"><a href=\"https:\/\/auschwitztoursfromwarsaw.com\/krakow-to-auschwitz\/\">Wie kommt man von Krakau nach Auschwitz?<\/a><\/h3>\n\n\n\n<figure class=\"wp-block-image size-large\"><img decoding=\"async\" width=\"1024\" height=\"682\" src=\"https:\/\/auschwitztoursfromwarsaw.com\/wp-content\/uploads\/2024\/10\/Krakow-train-station-in-Poland-1024x682.jpg\" alt=\"Bahnhof Krakau in Polen\" class=\"wp-image-2420\" style=\"aspect-ratio:16\/9;object-fit:cover\" srcset=\"https:\/\/auschwitztoursfromwarsaw.com\/wp-content\/uploads\/2024\/10\/Krakow-train-station-in-Poland-1024x682.jpg 1024w, https:\/\/auschwitztoursfromwarsaw.com\/wp-content\/uploads\/2024\/10\/Krakow-train-station-in-Poland-300x200.jpg 300w, https:\/\/auschwitztoursfromwarsaw.com\/wp-content\/uploads\/2024\/10\/Krakow-train-station-in-Poland-768x511.jpg 768w, https:\/\/auschwitztoursfromwarsaw.com\/wp-content\/uploads\/2024\/10\/Krakow-train-station-in-Poland.jpg 1500w\" sizes=\"(max-width: 1024px) 100vw, 1024px\" \/><\/figure>\n<\/div>\n<\/div>\n\n\n\n<div style=\"height:50px\" aria-hidden=\"true\" class=\"wp-block-spacer\"><\/div>\n\n\n\n<div class=\"wp-block-columns is-layout-flex wp-container-core-columns-is-layout-88098167 wp-block-columns-is-layout-flex\" style=\"padding-right:var(--wp--preset--spacing--30);padding-left:var(--wp--preset--spacing--30)\">\n<div class=\"wp-block-column is-layout-flow wp-block-column-is-layout-flow\">\n<h3 class=\"wp-block-heading has-text-align-center has-theme-palette-3-color has-text-color has-link-color wp-elements-0d24275c152134b160cc0b56f7b3089f\"><a href=\"https:\/\/auschwitztoursfromwarsaw.com\/how-to-get-to-auschwitz\/\">Anreise nach Auschwitz: Ultimativer Leitfaden<\/a><\/h3>\n\n\n\n<figure class=\"wp-block-image size-large\"><img decoding=\"async\" width=\"1024\" height=\"679\" src=\"https:\/\/auschwitztoursfromwarsaw.com\/wp-content\/uploads\/2024\/10\/Entrance-of-Auschwitz-concentration-camp-on-a-sunny-day-1024x679.jpg\" alt=\"Eingang des Konzentrationslagers Auschwitz an einem sonnigen Tag - So kommt man nach Auschwitz\" class=\"wp-image-2413\" style=\"aspect-ratio:16\/9;object-fit:cover\" srcset=\"https:\/\/auschwitztoursfromwarsaw.com\/wp-content\/uploads\/2024\/10\/Entrance-of-Auschwitz-concentration-camp-on-a-sunny-day-1024x679.jpg 1024w, https:\/\/auschwitztoursfromwarsaw.com\/wp-content\/uploads\/2024\/10\/Entrance-of-Auschwitz-concentration-camp-on-a-sunny-day-300x199.jpg 300w, https:\/\/auschwitztoursfromwarsaw.com\/wp-content\/uploads\/2024\/10\/Entrance-of-Auschwitz-concentration-camp-on-a-sunny-day-768x509.jpg 768w, https:\/\/auschwitztoursfromwarsaw.com\/wp-content\/uploads\/2024\/10\/Entrance-of-Auschwitz-concentration-camp-on-a-sunny-day.jpg 1500w\" sizes=\"(max-width: 1024px) 100vw, 1024px\" \/><\/figure>\n<\/div>\n\n\n\n<div class=\"wp-block-column is-layout-flow wp-block-column-is-layout-flow\">\n<h3 class=\"wp-block-heading has-text-align-center\"><a href=\"https:\/\/auschwitztoursfromwarsaw.com\/best-time-to-visit-auschwitz\/\">Die beste Reisezeit f\u00fcr Auschwitz<\/a><\/h3>\n\n\n\n<figure class=\"wp-block-image size-large\"><img decoding=\"async\" width=\"1024\" height=\"683\" src=\"https:\/\/auschwitztoursfromwarsaw.com\/wp-content\/uploads\/2024\/10\/Tourists-with-a-guide-in-Auschwitz-Birkenau-1024x683.jpg\" alt=\"Touristen mit einem F\u00fchrer in Auschwitz-Birkenau\" class=\"wp-image-2412\" style=\"aspect-ratio:16\/9;object-fit:cover\" srcset=\"https:\/\/auschwitztoursfromwarsaw.com\/wp-content\/uploads\/2024\/10\/Tourists-with-a-guide-in-Auschwitz-Birkenau-1024x683.jpg 1024w, https:\/\/auschwitztoursfromwarsaw.com\/wp-content\/uploads\/2024\/10\/Tourists-with-a-guide-in-Auschwitz-Birkenau-300x200.jpg 300w, https:\/\/auschwitztoursfromwarsaw.com\/wp-content\/uploads\/2024\/10\/Tourists-with-a-guide-in-Auschwitz-Birkenau-768x512.jpg 768w, https:\/\/auschwitztoursfromwarsaw.com\/wp-content\/uploads\/2024\/10\/Tourists-with-a-guide-in-Auschwitz-Birkenau.jpg 1500w\" sizes=\"(max-width: 1024px) 100vw, 1024px\" \/><\/figure>\n<\/div>\n\n\n\n<div class=\"wp-block-column is-layout-flow wp-block-column-is-layout-flow\">\n<h3 class=\"wp-block-heading has-text-align-center has-theme-palette-3-color has-text-color has-link-color wp-elements-e7bbc3b7838d91c7f66548307b87b1d8\"><a href=\"https:\/\/auschwitztoursfromwarsaw.com\/auschwitz-dress-code\/\">Die offizielle Kleiderordnung von Auschwitz<\/a><\/h3>\n\n\n\n<figure class=\"wp-block-image size-large\"><img decoding=\"async\" width=\"1024\" height=\"683\" src=\"https:\/\/auschwitztoursfromwarsaw.com\/wp-content\/uploads\/2024\/10\/Tourists-entering-Auschwitz-Birkenau-considering-the-Auschwitz-dress-code-1024x683.jpg\" alt=\"Touristen, die nach Auschwitz-Birkenau einreisen, ber\u00fccksichtigen die Kleiderordnung von Auschwitz\" class=\"wp-image-2453\" style=\"aspect-ratio:16\/9;object-fit:cover\" srcset=\"https:\/\/auschwitztoursfromwarsaw.com\/wp-content\/uploads\/2024\/10\/Tourists-entering-Auschwitz-Birkenau-considering-the-Auschwitz-dress-code-1024x683.jpg 1024w, https:\/\/auschwitztoursfromwarsaw.com\/wp-content\/uploads\/2024\/10\/Tourists-entering-Auschwitz-Birkenau-considering-the-Auschwitz-dress-code-300x200.jpg 300w, https:\/\/auschwitztoursfromwarsaw.com\/wp-content\/uploads\/2024\/10\/Tourists-entering-Auschwitz-Birkenau-considering-the-Auschwitz-dress-code-768x512.jpg 768w, https:\/\/auschwitztoursfromwarsaw.com\/wp-content\/uploads\/2024\/10\/Tourists-entering-Auschwitz-Birkenau-considering-the-Auschwitz-dress-code.jpg 1500w\" sizes=\"(max-width: 1024px) 100vw, 1024px\" \/><\/figure>\n<\/div>\n<\/div>\n\n\n\n<div style=\"height:50px\" aria-hidden=\"true\" class=\"wp-block-spacer\"><\/div>\n","protected":false},"excerpt":{"rendered":"<p>Blog &#8211; Auschwitz Touren ab Warschau Willkommen auf unserem Blog: Erfahren Sie alles \u00fcber Auschwitz 10 Gr\u00fcnde f\u00fcr einen Besuch in Auschwitz Wie kommt man von Warschau nach Auschwitz? Wie kommt man von Krakau nach Auschwitz? Anreise nach Auschwitz: Ultimativer Leitfaden Die beste Reisezeit f\u00fcr Auschwitz Die offizielle Kleiderordnung von Auschwitz<\/p>\n","protected":false},"author":2,"featured_media":2706,"parent":0,"menu_order":0,"comment_status":"closed","ping_status":"closed","template":"","meta":{"nf_dc_page":"","_kadence_starter_templates_imported_post":false,"_kad_post_transparent":"","_kad_post_title":"","_kad_post_layout":"","_kad_post_sidebar_id":"","_kad_post_content_style":"","_kad_post_vertical_padding":"","_kad_post_feature":"","_kad_post_feature_position":"","_kad_post_header":false,"_kad_post_footer":false,"_kad_post_classname":"","footnotes":""},"class_list":["post-3218","page","type-page","status-publish","has-post-thumbnail","hentry"],"_links":{"self":[{"href":"https:\/\/auschwitztoursfromwarsaw.com\/de\/wp-json\/wp\/v2\/pages\/3218","targetHints":{"allow":["GET"]}}],"collection":[{"href":"https:\/\/auschwitztoursfromwarsaw.com\/de\/wp-json\/wp\/v2\/pages"}],"about":[{"href":"https:\/\/auschwitztoursfromwarsaw.com\/de\/wp-json\/wp\/v2\/types\/page"}],"author":[{"embeddable":true,"href":"https:\/\/auschwitztoursfromwarsaw.com\/de\/wp-json\/wp\/v2\/users\/2"}],"replies":[{"embeddable":true,"href":"https:\/\/auschwitztoursfromwarsaw.com\/de\/wp-json\/wp\/v2\/comments?post=3218"}],"version-history":[{"count":2,"href":"https:\/\/auschwitztoursfromwarsaw.com\/de\/wp-json\/wp\/v2\/pages\/3218\/revisions"}],"predecessor-version":[{"id":3645,"href":"https:\/\/auschwitztoursfromwarsaw.com\/de\/wp-json\/wp\/v2\/pages\/3218\/revisions\/3645"}],"wp:featuredmedia":[{"embeddable":true,"href":"https:\/\/auschwitztoursfromwarsaw.com\/de\/wp-json\/wp\/v2\/media\/2706"}],"wp:attachment":[{"href":"https:\/\/auschwitztoursfromwarsaw.com\/de\/wp-json\/wp\/v2\/media?parent=3218"}],"curies":[{"name":"wp","href":"https:\/\/api.w.org\/{rel}","templated":true}]}}