{"id":3223,"date":"2024-10-13T03:26:40","date_gmt":"2024-10-13T03:26:40","guid":{"rendered":"https:\/\/auschwitztoursfromwarsaw.com\/kontakt\/"},"modified":"2024-10-18T08:16:13","modified_gmt":"2024-10-18T08:16:13","slug":"kontakt","status":"publish","type":"page","link":"https:\/\/auschwitztoursfromwarsaw.com\/de\/kontakt\/","title":{"rendered":"Kontakt"},"content":{"rendered":"<style>.kb-row-layout-id3223_adad12-58 > .kt-row-column-wrap{align-content:center;}:where(.kb-row-layout-id3223_adad12-58 > .kt-row-column-wrap) > .wp-block-kadence-column{justify-content:center;}.kb-row-layout-id3223_adad12-58 > .kt-row-column-wrap{column-gap:var(--global-kb-gap-md, 2rem);row-gap:var(--global-kb-gap-md, 2rem);max-width:1000px;margin-left:auto;margin-right:auto;padding-top:100px;padding-right:25px;padding-bottom:100px;padding-left:25px;min-height:700px;grid-template-columns:minmax(0, 1fr);}.kb-row-layout-id3223_adad12-58{background-image:url('https:\/\/auschwitztoursfromwarsaw.com\/wp-content\/uploads\/2024\/10\/Visiting-Auschwitz-Birkenau.jpg');background-size:cover;background-position:35% 54%;background-attachment:scroll;background-repeat:no-repeat;}.kb-row-layout-id3223_adad12-58 > .kt-row-layout-overlay{opacity:0.74;background-color:var(--global-palette4, #2D3748);}@media all and (max-width: 1024px){.kb-row-layout-id3223_adad12-58 > .kt-row-column-wrap{grid-template-columns:minmax(0, 1fr);}}@media all and (max-width: 767px){.kb-row-layout-id3223_adad12-58 > .kt-row-column-wrap{padding-top:100px;padding-bottom:100px;min-height:470px;grid-template-columns:minmax(0, 1fr);}}<\/style><div class=\"kb-row-layout-wrap kb-row-layout-id3223_adad12-58 alignnone kt-row-has-bg wp-block-kadence-rowlayout\"><div class=\"kt-row-layout-overlay kt-row-overlay-normal\"><\/div><div class=\"kt-row-column-wrap kt-has-1-columns kt-row-layout-equal kt-tab-layout-inherit kt-mobile-layout-row kt-row-valign-middle\">\n<style>.kadence-column3223_2f5e6f-e5 > .kt-inside-inner-col,.kadence-column3223_2f5e6f-e5 > .kt-inside-inner-col:before{border-top-left-radius:0px;border-top-right-radius:0px;border-bottom-right-radius:0px;border-bottom-left-radius:0px;}.kadence-column3223_2f5e6f-e5 > .kt-inside-inner-col{column-gap:var(--global-kb-gap-sm, 1rem);}.kadence-column3223_2f5e6f-e5 > .kt-inside-inner-col{flex-direction:column;}.kadence-column3223_2f5e6f-e5 > .kt-inside-inner-col > .aligncenter{width:100%;}.kadence-column3223_2f5e6f-e5 > .kt-inside-inner-col:before{opacity:0.3;}.kadence-column3223_2f5e6f-e5{position:relative;}@media all and (max-width: 1024px){.kadence-column3223_2f5e6f-e5 > .kt-inside-inner-col{flex-direction:column;justify-content:center;}}@media all and (max-width: 767px){.kadence-column3223_2f5e6f-e5 > .kt-inside-inner-col{flex-direction:column;justify-content:center;}}<\/style>\n<div class=\"wp-block-kadence-column kadence-column3223_2f5e6f-e5\"><div class=\"kt-inside-inner-col\">\n<h1 class=\"wp-block-heading has-text-align-center has-theme-palette-9-color has-text-color has-link-color wp-elements-d9f2338c9b467dae021fd9278c3fbe06\" style=\"font-size:40px\">Kontaktieren Sie uns<\/h1>\n\n\n\n<p class=\"has-text-align-center has-theme-palette-9-color has-text-color has-link-color wp-elements-82fc7c7979fd5bf748332ca3dc414707\" style=\"font-size:22px\">Vielen Dank, dass Sie auf unserer Kontaktseite vorbeigekommen sind, wir freuen uns sehr, dass Sie hier sind.<\/p>\n\n\n\n<p class=\"has-text-align-center has-theme-palette-9-color has-text-color has-link-color wp-elements-fcb7fbe3eb5cc48002e79083cd716eb3\" style=\"font-size:22px\">Ben\u00f6tigen Sie weitere Informationen oder haben Sie Fragen zu unseren Auschwitz-Touren? Wir sind hier, um Ihnen zu helfen. Z\u00f6gern Sie nicht, uns \u00fcber das untenstehende Formular zu kontaktieren, und wir werden uns so schnell wie m\u00f6glich bei Ihnen melden. Sie k\u00f6nnen uns auch direkt anrufen oder eine E-Mail senden, um schnelle Hilfe zu erhalten. Wir sind bestrebt, Ihren Besuch so reibungslos und informativ wie m\u00f6glich zu gestalten.    <\/p>\n<\/div><\/div>\n\n<\/div><\/div>\n\n<style>.kb-row-layout-id3223_e2749a-e9 > .kt-row-column-wrap{align-content:start;}:where(.kb-row-layout-id3223_e2749a-e9 > .kt-row-column-wrap) > .wp-block-kadence-column{justify-content:start;}.kb-row-layout-id3223_e2749a-e9 > .kt-row-column-wrap{column-gap:var(--global-kb-gap-md, 2rem);row-gap:var(--global-kb-gap-md, 2rem);max-width:1000px;margin-left:auto;margin-right:auto;padding-top:60px;padding-right:25px;padding-bottom:60px;padding-left:25px;grid-template-columns:minmax(0, 1fr);}.kb-row-layout-id3223_e2749a-e9 > .kt-row-layout-overlay{opacity:0.30;}@media all and (max-width: 1024px){.kb-row-layout-id3223_e2749a-e9 > .kt-row-column-wrap{grid-template-columns:minmax(0, 1fr);}}@media all and (max-width: 767px){.kb-row-layout-id3223_e2749a-e9 > .kt-row-column-wrap{grid-template-columns:minmax(0, 1fr);}}<\/style><div class=\"kb-row-layout-wrap kb-row-layout-id3223_e2749a-e9 alignnone has-theme-palette8-background-color kt-row-has-bg wp-block-kadence-rowlayout\"><div class=\"kt-row-column-wrap kt-has-1-columns kt-row-layout-equal kt-tab-layout-inherit kt-mobile-layout-row kt-row-valign-top\">\n<style>.kadence-column3223_53e69a-50 > .kt-inside-inner-col,.kadence-column3223_53e69a-50 > .kt-inside-inner-col:before{border-top-left-radius:0px;border-top-right-radius:0px;border-bottom-right-radius:0px;border-bottom-left-radius:0px;}.kadence-column3223_53e69a-50 > .kt-inside-inner-col{column-gap:var(--global-kb-gap-sm, 1rem);}.kadence-column3223_53e69a-50 > .kt-inside-inner-col{flex-direction:column;}.kadence-column3223_53e69a-50 > .kt-inside-inner-col > .aligncenter{width:100%;}.kadence-column3223_53e69a-50 > .kt-inside-inner-col:before{opacity:0.3;}.kadence-column3223_53e69a-50{position:relative;}@media all and (max-width: 1024px){.kadence-column3223_53e69a-50 > .kt-inside-inner-col{flex-direction:column;justify-content:center;}}@media all and (max-width: 767px){.kadence-column3223_53e69a-50 > .kt-inside-inner-col{flex-direction:column;justify-content:center;}}<\/style>\n<div class=\"wp-block-kadence-column kadence-column3223_53e69a-50\"><div class=\"kt-inside-inner-col\"><style>.kadence-column3223_507342-44 > .kt-inside-inner-col,.kadence-column3223_507342-44 > .kt-inside-inner-col:before{border-top-left-radius:0px;border-top-right-radius:0px;border-bottom-right-radius:0px;border-bottom-left-radius:0px;}.kadence-column3223_507342-44 > .kt-inside-inner-col{column-gap:var(--global-kb-gap-sm, 1rem);}.kadence-column3223_507342-44 > .kt-inside-inner-col{flex-direction:column;}.kadence-column3223_507342-44 > .kt-inside-inner-col > .aligncenter{width:100%;}.kadence-column3223_507342-44 > .kt-inside-inner-col:before{opacity:0.3;}.kadence-column3223_507342-44{position:relative;}@media all and (max-width: 1024px){.kadence-column3223_507342-44 > .kt-inside-inner-col{flex-direction:column;justify-content:center;}}@media all and (max-width: 767px){.kadence-column3223_507342-44 > .kt-inside-inner-col{flex-direction:column;justify-content:center;}}<\/style>\n<div class=\"wp-block-kadence-column kadence-column3223_507342-44 inner-column-1\"><div class=\"kt-inside-inner-col\"><style>.wp-block-kadence-advancedheading.kt-adv-heading3223_e3ff74-11, .wp-block-kadence-advancedheading.kt-adv-heading3223_e3ff74-11[data-kb-block=\"kb-adv-heading3223_e3ff74-11\"]{text-align:center;font-size:34px;font-weight:normal;font-style:normal;}.wp-block-kadence-advancedheading.kt-adv-heading3223_e3ff74-11 mark.kt-highlight, .wp-block-kadence-advancedheading.kt-adv-heading3223_e3ff74-11[data-kb-block=\"kb-adv-heading3223_e3ff74-11\"] mark.kt-highlight{font-weight:normal;font-style:normal;color:#f76a0c;-webkit-box-decoration-break:clone;box-decoration-break:clone;padding-top:0px;padding-right:0px;padding-bottom:0px;padding-left:0px;}.wp-block-kadence-advancedheading.kt-adv-heading3223_e3ff74-11 img.kb-inline-image, .wp-block-kadence-advancedheading.kt-adv-heading3223_e3ff74-11[data-kb-block=\"kb-adv-heading3223_e3ff74-11\"] img.kb-inline-image{width:150px;vertical-align:baseline;}<\/style>\n<h2 class=\"kt-adv-heading3223_e3ff74-11 wp-block-kadence-advancedheading\" data-kb-block=\"kb-adv-heading3223_e3ff74-11\">Verbinden Sie sich mit uns<\/h2>\n\n\n<style>.kadence-form-2368_d4e34b-55 .kb-form .kadence-blocks-form-field .kb-text-style-field, .kadence-form-2368_d4e34b-55 .kb-form .kadence-blocks-form-field .kb-select-style-field{border-radius:0px;font-size:16px;border-width:1px 1px 1px 1px;background:#ffffff;border-color:#e1e1e1;}.kadence-form-2368_d4e34b-55 .kb-form .kadence-blocks-form-field .kb-text-style-field{padding-top:18px;padding-right:18px;padding-bottom:18px;padding-left:18px;}.kadence-form-2368_d4e34b-55 .kb-form .kadence-blocks-form-field .kb-forms-submit{color:#ffffff;border-radius:0px;background:var(--global-palette1, #3182CE);}.kadence-form-2368_d4e34b-55 .kb-form .kadence-blocks-form-field .kb-forms-submit:hover, .kadence-form-2368_d4e34b-55 .kb-form .kadence-blocks-form-field .kb-forms-submit:focus {color:#ffffff;background:var(--global-palette2, #2B6CB0);}.kadence-form-2368_d4e34b-55 .kb-form .kadence-blocks-form-field .kb-forms-submit{line-height:40px;font-style:normal;font-weight:regular;}.kb-form input.kadence-blocks-field.verify{opacity:0.0;position:absolute;top:0.0;left:0.0;width:0.0;height:0.0;z-index:-1;}<\/style>\n<div class=\"wp-block-kadence-form kadence-form-2368_d4e34b-55 kb-form-wrap\"><form class=\"kb-form\" action=\"\" method=\"post\"><div class=\"kadence-blocks-form-field kb-field-desk-width-100 kb-input-size-custom\"><input name=\"kb_field_0\" id=\"kb_field_2368_d4e34b-55_0\" data-label=\"Vollst&#xE4;ndiger Name\" type=\"text\" placeholder=\"Vollst&#xE4;ndiger Name\" value=\"\" data-type=\"text\" class=\"kb-field kb-text-style-field kb-text-field kb-field-0\"\/><\/div><div class=\"kadence-blocks-form-field kb-form-field-1 kb-field-desk-width-100 kb-input-size-custom\"><input name=\"kb_field_1\" id=\"kb_field_2368_d4e34b-55_1\" data-label=\"E-Mail\" type=\"email\" placeholder=\"E-Mail-Adresse\" value=\"\" data-type=\"email\" class=\"kb-field kb-text-style-field kb-email-field kb-field-1\" data-required=\"yes\"\/><\/div><div class=\"kadence-blocks-form-field kb-form-field-2 kb-field-desk-width-100 kb-input-size-custom\"><textarea name=\"kb_field_2\" id=\"kb_field_2368_d4e34b-55_2\" data-label=\"Kommentare\" type=\"textarea\" placeholder=\"Was ist Ihre Frage oder Ihr Kommentar?\" data-type=\"textarea\" class=\"kb-field kb-text-style-field kb-textarea-field kb-field-2\" rows=\"4\" data-required=\"yes\"><\/textarea><\/div><input type=\"hidden\" name=\"_kb_form_id\" value=\"2368_d4e34b-55\"\/><input type=\"hidden\" name=\"_kb_form_post_id\" value=\"3223\"\/><input type=\"hidden\" name=\"action\" value=\"kb_process_ajax_submit\"\/><label class=\"kadence-verify-label\">Email<input class=\"kadence-blocks-field verify\" type=\"text\" name=\"_kb_verify_email\" autocomplete=\"new-password\" aria-hidden=\"true\" placeholder=\"Email\" tabindex=\"-1\" data-1p-ignore=\"true\" data-lpignore=\"true\" \/><\/label><div class=\"kadence-blocks-form-field kb-submit-field kb-field-desk-width-100\"><button class=\"kb-forms-submit button kb-button-size-standard kb-button-width-full\">Senden<\/button><\/div><\/form><\/div>\n<noscript><div class=\"kadence-blocks-form-message kadence-blocks-form-warning\">Bitte aktiviere JavaScript in deinem Browser, um dieses Formular fertigzustellen.<\/div><style>.kadence-form-2368_d4e34b-55 .kadence-blocks-form-field.kb-submit-field { display: none; }<\/style><\/noscript><\/div><\/div>\n<\/div><\/div>\n\n<\/div><\/div>","protected":false},"excerpt":{"rendered":"<p>Kontaktieren Sie uns Vielen Dank, dass Sie auf unserer Kontaktseite vorbeigekommen sind, wir freuen uns sehr, dass Sie hier sind. Ben\u00f6tigen Sie weitere Informationen oder haben Sie Fragen zu unseren Auschwitz-Touren? Wir sind hier, um Ihnen zu helfen. Z\u00f6gern Sie nicht, uns \u00fcber das untenstehende Formular zu kontaktieren, und wir werden uns so schnell wie&#8230;<\/p>\n","protected":false},"author":2,"featured_media":2706,"parent":0,"menu_order":0,"comment_status":"closed","ping_status":"closed","template":"","meta":{"nf_dc_page":"","_kadence_starter_templates_imported_post":false,"_kad_post_transparent":"","_kad_post_title":"","_kad_post_layout":"","_kad_post_sidebar_id":"","_kad_post_content_style":"","_kad_post_vertical_padding":"","_kad_post_feature":"","_kad_post_feature_position":"","_kad_post_header":false,"_kad_post_footer":false,"_kad_post_classname":"","footnotes":""},"class_list":["post-3223","page","type-page","status-publish","has-post-thumbnail","hentry"],"_links":{"self":[{"href":"https:\/\/auschwitztoursfromwarsaw.com\/de\/wp-json\/wp\/v2\/pages\/3223","targetHints":{"allow":["GET"]}}],"collection":[{"href":"https:\/\/auschwitztoursfromwarsaw.com\/de\/wp-json\/wp\/v2\/pages"}],"about":[{"href":"https:\/\/auschwitztoursfromwarsaw.com\/de\/wp-json\/wp\/v2\/types\/page"}],"author":[{"embeddable":true,"href":"https:\/\/auschwitztoursfromwarsaw.com\/de\/wp-json\/wp\/v2\/users\/2"}],"replies":[{"embeddable":true,"href":"https:\/\/auschwitztoursfromwarsaw.com\/de\/wp-json\/wp\/v2\/comments?post=3223"}],"version-history":[{"count":2,"href":"https:\/\/auschwitztoursfromwarsaw.com\/de\/wp-json\/wp\/v2\/pages\/3223\/revisions"}],"predecessor-version":[{"id":3647,"href":"https:\/\/auschwitztoursfromwarsaw.com\/de\/wp-json\/wp\/v2\/pages\/3223\/revisions\/3647"}],"wp:featuredmedia":[{"embeddable":true,"href":"https:\/\/auschwitztoursfromwarsaw.com\/de\/wp-json\/wp\/v2\/media\/2706"}],"wp:attachment":[{"href":"https:\/\/auschwitztoursfromwarsaw.com\/de\/wp-json\/wp\/v2\/media?parent=3223"}],"curies":[{"name":"wp","href":"https:\/\/api.w.org\/{rel}","templated":true}]}}