{"id":3405,"date":"2024-10-13T03:37:03","date_gmt":"2024-10-13T03:37:03","guid":{"rendered":"https:\/\/auschwitztoursfromwarsaw.com\/blog\/"},"modified":"2024-10-18T08:03:50","modified_gmt":"2024-10-18T08:03:50","slug":"blog","status":"publish","type":"page","link":"https:\/\/auschwitztoursfromwarsaw.com\/es\/blog\/","title":{"rendered":"Blog"},"content":{"rendered":"<style>.kb-row-layout-id3405_e31a64-e9 > .kt-row-column-wrap{align-content:center;}:where(.kb-row-layout-id3405_e31a64-e9 > .kt-row-column-wrap) > .wp-block-kadence-column{justify-content:center;}.kb-row-layout-id3405_e31a64-e9 > .kt-row-column-wrap{column-gap:var(--global-kb-gap-md, 2rem);row-gap:var(--global-kb-gap-md, 2rem);max-width:1000px;margin-left:auto;margin-right:auto;padding-top:100px;padding-right:25px;padding-bottom:100px;padding-left:25px;min-height:700px;grid-template-columns:minmax(0, 1fr);}.kb-row-layout-id3405_e31a64-e9{background-image:url('https:\/\/auschwitztoursfromwarsaw.com\/wp-content\/uploads\/2024\/10\/Signs-at-Auschwitz-Birkenau-concentration-camp.jpg');background-size:cover;background-position:47% 28.999999999999996%;background-attachment:scroll;background-repeat:no-repeat;}.kb-row-layout-id3405_e31a64-e9 > .kt-row-layout-overlay{opacity:0.59;background-color:var(--global-palette3, #1A202C);}@media all and (max-width: 1024px){.kb-row-layout-id3405_e31a64-e9 > .kt-row-column-wrap{grid-template-columns:minmax(0, 1fr);}}@media all and (max-width: 767px){.kb-row-layout-id3405_e31a64-e9 > .kt-row-column-wrap{padding-top:100px;padding-bottom:100px;min-height:470px;grid-template-columns:minmax(0, 1fr);}}<\/style><div class=\"kb-row-layout-wrap kb-row-layout-id3405_e31a64-e9 alignnone kt-row-has-bg wp-block-kadence-rowlayout\"><div class=\"kt-row-layout-overlay kt-row-overlay-normal\"><\/div><div class=\"kt-row-column-wrap kt-has-1-columns kt-row-layout-equal kt-tab-layout-inherit kt-mobile-layout-row kt-row-valign-middle\">\n<style>.kadence-column3405_7a9fb1-42 > .kt-inside-inner-col,.kadence-column3405_7a9fb1-42 > .kt-inside-inner-col:before{border-top-left-radius:0px;border-top-right-radius:0px;border-bottom-right-radius:0px;border-bottom-left-radius:0px;}.kadence-column3405_7a9fb1-42 > .kt-inside-inner-col{column-gap:var(--global-kb-gap-sm, 1rem);}.kadence-column3405_7a9fb1-42 > .kt-inside-inner-col{flex-direction:column;}.kadence-column3405_7a9fb1-42 > .kt-inside-inner-col > .aligncenter{width:100%;}.kadence-column3405_7a9fb1-42 > .kt-inside-inner-col:before{opacity:0.3;}.kadence-column3405_7a9fb1-42{position:relative;}@media all and (max-width: 1024px){.kadence-column3405_7a9fb1-42 > .kt-inside-inner-col{flex-direction:column;justify-content:center;}}@media all and (max-width: 767px){.kadence-column3405_7a9fb1-42 > .kt-inside-inner-col{flex-direction:column;justify-content:center;}}<\/style>\n<div class=\"wp-block-kadence-column kadence-column3405_7a9fb1-42\"><div class=\"kt-inside-inner-col\">\n<h1 class=\"wp-block-heading has-text-align-center has-theme-palette-9-color has-text-color has-link-color wp-elements-2d46f0a6f962524e1a6323d478c86228\" style=\"font-size:40px\">Blog &#8211; Visitas a Auschwitz desde Varsovia<\/h1>\n<\/div><\/div>\n\n<\/div><\/div>\n\n<style>.kb-row-layout-id3405_b75278-01 > .kt-row-column-wrap{align-content:start;}:where(.kb-row-layout-id3405_b75278-01 > .kt-row-column-wrap) > .wp-block-kadence-column{justify-content:start;}.kb-row-layout-id3405_b75278-01 > .kt-row-column-wrap{column-gap:var(--global-kb-gap-md, 2rem);row-gap:var(--global-kb-gap-md, 2rem);max-width:1000px;margin-left:auto;margin-right:auto;padding-top:60px;padding-right:25px;padding-bottom:60px;padding-left:25px;grid-template-columns:minmax(0, 1fr);}.kb-row-layout-id3405_b75278-01 > .kt-row-layout-overlay{opacity:0.30;}@media all and (max-width: 1024px){.kb-row-layout-id3405_b75278-01 > .kt-row-column-wrap{grid-template-columns:minmax(0, 1fr);}}@media all and (max-width: 767px){.kb-row-layout-id3405_b75278-01 > .kt-row-column-wrap{grid-template-columns:minmax(0, 1fr);}}<\/style><div class=\"kb-row-layout-wrap kb-row-layout-id3405_b75278-01 alignnone has-theme-palette8-background-color kt-row-has-bg wp-block-kadence-rowlayout\"><div class=\"kt-row-column-wrap kt-has-1-columns kt-row-layout-equal kt-tab-layout-inherit kt-mobile-layout-row kt-row-valign-top\">\n<style>.kadence-column3405_9d43b5-ce > .kt-inside-inner-col,.kadence-column3405_9d43b5-ce > .kt-inside-inner-col:before{border-top-left-radius:0px;border-top-right-radius:0px;border-bottom-right-radius:0px;border-bottom-left-radius:0px;}.kadence-column3405_9d43b5-ce > .kt-inside-inner-col{column-gap:var(--global-kb-gap-sm, 1rem);}.kadence-column3405_9d43b5-ce > .kt-inside-inner-col{flex-direction:column;}.kadence-column3405_9d43b5-ce > .kt-inside-inner-col > .aligncenter{width:100%;}.kadence-column3405_9d43b5-ce > .kt-inside-inner-col:before{opacity:0.3;}.kadence-column3405_9d43b5-ce{position:relative;}@media all and (max-width: 1024px){.kadence-column3405_9d43b5-ce > .kt-inside-inner-col{flex-direction:column;justify-content:center;}}@media all and (max-width: 767px){.kadence-column3405_9d43b5-ce > .kt-inside-inner-col{flex-direction:column;justify-content:center;}}<\/style>\n<div class=\"wp-block-kadence-column kadence-column3405_9d43b5-ce\"><div class=\"kt-inside-inner-col\">\n<h2 class=\"wp-block-heading has-text-align-center\">Bienvenidos a nuestro blog: Descubre todo sobre Auschwitz<\/h2>\n<\/div><\/div>\n\n<\/div><\/div>\n\n\n<div class=\"wp-block-columns has-theme-palette-3-color has-text-color has-link-color wp-elements-24487edb504d6fd0930daa424d0a540e is-layout-flex wp-container-core-columns-is-layout-88098167 wp-block-columns-is-layout-flex\" style=\"padding-right:var(--wp--preset--spacing--30);padding-left:var(--wp--preset--spacing--30)\">\n<div class=\"wp-block-column is-layout-flow wp-block-column-is-layout-flow\">\n<h3 class=\"wp-block-heading has-text-align-center has-theme-palette-3-color has-text-color has-link-color wp-elements-65ded3b70c028a9b8267f8357fd6a3d1\"><a href=\"https:\/\/auschwitztoursfromwarsaw.com\/es\/merece-la-pena-visitar-auschwitz-10-razones-para-visitar-auschwitz\/\">10 razones para visitar Auschwitz<\/a><\/h3>\n\n\n\n<figure class=\"wp-block-image size-large\"><img decoding=\"async\" width=\"1024\" height=\"683\" src=\"https:\/\/auschwitztoursfromwarsaw.com\/wp-content\/uploads\/2024\/10\/Entrance-of-Auschwitz-Birkenau-memorial-on-a-trip-from-Warsaw-to-Auschwitz-1024x683.jpg\" alt=\"Entrada al monumento conmemorativo de Auschwitz Birkenau en un viaje de Varsovia a Auschwitz - \u00bfVale la pena visitar Auschwitz?\" class=\"wp-image-2331\" style=\"aspect-ratio:16\/9;object-fit:cover\" srcset=\"https:\/\/auschwitztoursfromwarsaw.com\/wp-content\/uploads\/2024\/10\/Entrance-of-Auschwitz-Birkenau-memorial-on-a-trip-from-Warsaw-to-Auschwitz-1024x683.jpg 1024w, https:\/\/auschwitztoursfromwarsaw.com\/wp-content\/uploads\/2024\/10\/Entrance-of-Auschwitz-Birkenau-memorial-on-a-trip-from-Warsaw-to-Auschwitz-300x200.jpg 300w, https:\/\/auschwitztoursfromwarsaw.com\/wp-content\/uploads\/2024\/10\/Entrance-of-Auschwitz-Birkenau-memorial-on-a-trip-from-Warsaw-to-Auschwitz-768x512.jpg 768w, https:\/\/auschwitztoursfromwarsaw.com\/wp-content\/uploads\/2024\/10\/Entrance-of-Auschwitz-Birkenau-memorial-on-a-trip-from-Warsaw-to-Auschwitz.jpg 1500w\" sizes=\"(max-width: 1024px) 100vw, 1024px\" \/><\/figure>\n<\/div>\n\n\n\n<div class=\"wp-block-column is-layout-flow wp-block-column-is-layout-flow\">\n<h3 class=\"wp-block-heading has-text-align-center has-theme-palette-3-color has-text-color has-link-color wp-elements-f820dd4e79ba52c1ddc9599ddc51d75e\"><a href=\"https:\/\/auschwitztoursfromwarsaw.com\/es\/como-ir-de-varsovia-a-auschwitz-guia-completa\/\">C\u00f3mo ir de Varsovia a Auschwitz<\/a><\/h3>\n\n\n\n<figure class=\"wp-block-image size-large\"><img decoding=\"async\" width=\"1024\" height=\"768\" src=\"https:\/\/auschwitztoursfromwarsaw.com\/wp-content\/uploads\/2024\/10\/Warsaw-Station-getting-from-Warsaw-to-Auschwitz-1024x768.jpg\" alt=\"Estaci\u00f3n de Varsovia - c\u00f3mo llegar de Varsovia a Auschwitz\" class=\"wp-image-2411\" style=\"aspect-ratio:16\/9;object-fit:cover\" srcset=\"https:\/\/auschwitztoursfromwarsaw.com\/wp-content\/uploads\/2024\/10\/Warsaw-Station-getting-from-Warsaw-to-Auschwitz-1024x768.jpg 1024w, https:\/\/auschwitztoursfromwarsaw.com\/wp-content\/uploads\/2024\/10\/Warsaw-Station-getting-from-Warsaw-to-Auschwitz-300x225.jpg 300w, https:\/\/auschwitztoursfromwarsaw.com\/wp-content\/uploads\/2024\/10\/Warsaw-Station-getting-from-Warsaw-to-Auschwitz-768x576.jpg 768w, https:\/\/auschwitztoursfromwarsaw.com\/wp-content\/uploads\/2024\/10\/Warsaw-Station-getting-from-Warsaw-to-Auschwitz.jpg 1500w\" sizes=\"(max-width: 1024px) 100vw, 1024px\" \/><\/figure>\n<\/div>\n\n\n\n<div class=\"wp-block-column is-layout-flow wp-block-column-is-layout-flow\">\n<h3 class=\"wp-block-heading has-text-align-center has-theme-palette-3-color has-text-color has-link-color wp-elements-27a40d7a083f8068ad3b1c83b996ba07\"><a href=\"https:\/\/auschwitztoursfromwarsaw.com\/es\/como-llegar-de-cracovia-a-auschwitz-guia-completa\/\">C\u00f3mo ir de Cracovia a Auschwitz<\/a><\/h3>\n\n\n\n<figure class=\"wp-block-image size-large\"><img decoding=\"async\" width=\"1024\" height=\"682\" src=\"https:\/\/auschwitztoursfromwarsaw.com\/wp-content\/uploads\/2024\/10\/Krakow-train-station-in-Poland-1024x682.jpg\" alt=\"Estaci\u00f3n de tren de Cracovia en Polonia\" class=\"wp-image-2420\" style=\"aspect-ratio:16\/9;object-fit:cover\" srcset=\"https:\/\/auschwitztoursfromwarsaw.com\/wp-content\/uploads\/2024\/10\/Krakow-train-station-in-Poland-1024x682.jpg 1024w, https:\/\/auschwitztoursfromwarsaw.com\/wp-content\/uploads\/2024\/10\/Krakow-train-station-in-Poland-300x200.jpg 300w, https:\/\/auschwitztoursfromwarsaw.com\/wp-content\/uploads\/2024\/10\/Krakow-train-station-in-Poland-768x511.jpg 768w, https:\/\/auschwitztoursfromwarsaw.com\/wp-content\/uploads\/2024\/10\/Krakow-train-station-in-Poland.jpg 1500w\" sizes=\"(max-width: 1024px) 100vw, 1024px\" \/><\/figure>\n<\/div>\n<\/div>\n\n\n\n<div style=\"height:50px\" aria-hidden=\"true\" class=\"wp-block-spacer\"><\/div>\n\n\n\n<div class=\"wp-block-columns is-layout-flex wp-container-core-columns-is-layout-88098167 wp-block-columns-is-layout-flex\" style=\"padding-right:var(--wp--preset--spacing--30);padding-left:var(--wp--preset--spacing--30)\">\n<div class=\"wp-block-column is-layout-flow wp-block-column-is-layout-flow\">\n<h3 class=\"wp-block-heading has-text-align-center has-theme-palette-3-color has-text-color has-link-color wp-elements-2bf2953db97b61cb836613a48ac57a5d\"><a href=\"https:\/\/auschwitztoursfromwarsaw.com\/how-to-get-to-auschwitz\/\">C\u00f3mo llegar a Auschwitz: gu\u00eda definitiva<\/a><\/h3>\n\n\n\n<figure class=\"wp-block-image size-large\"><img decoding=\"async\" width=\"1024\" height=\"679\" src=\"https:\/\/auschwitztoursfromwarsaw.com\/wp-content\/uploads\/2024\/10\/Entrance-of-Auschwitz-concentration-camp-on-a-sunny-day-1024x679.jpg\" alt=\"Entrada al campo de concentraci\u00f3n de Auschwitz en un d\u00eda soleado - As\u00ed es como llegar a Auschwitz\" class=\"wp-image-2413\" style=\"aspect-ratio:16\/9;object-fit:cover\" srcset=\"https:\/\/auschwitztoursfromwarsaw.com\/wp-content\/uploads\/2024\/10\/Entrance-of-Auschwitz-concentration-camp-on-a-sunny-day-1024x679.jpg 1024w, https:\/\/auschwitztoursfromwarsaw.com\/wp-content\/uploads\/2024\/10\/Entrance-of-Auschwitz-concentration-camp-on-a-sunny-day-300x199.jpg 300w, https:\/\/auschwitztoursfromwarsaw.com\/wp-content\/uploads\/2024\/10\/Entrance-of-Auschwitz-concentration-camp-on-a-sunny-day-768x509.jpg 768w, https:\/\/auschwitztoursfromwarsaw.com\/wp-content\/uploads\/2024\/10\/Entrance-of-Auschwitz-concentration-camp-on-a-sunny-day.jpg 1500w\" sizes=\"(max-width: 1024px) 100vw, 1024px\" \/><\/figure>\n<\/div>\n\n\n\n<div class=\"wp-block-column is-layout-flow wp-block-column-is-layout-flow\">\n<h3 class=\"wp-block-heading has-text-align-center\"><a href=\"https:\/\/auschwitztoursfromwarsaw.com\/best-time-to-visit-auschwitz\/\">La mejor \u00e9poca para visitar Auschwitz<\/a><\/h3>\n\n\n\n<figure class=\"wp-block-image size-large\"><img decoding=\"async\" width=\"1024\" height=\"683\" src=\"https:\/\/auschwitztoursfromwarsaw.com\/wp-content\/uploads\/2024\/10\/Tourists-with-a-guide-in-Auschwitz-Birkenau-1024x683.jpg\" alt=\"Turistas con gu\u00eda en Auschwitz Birkenau\" class=\"wp-image-2412\" style=\"aspect-ratio:16\/9;object-fit:cover\" srcset=\"https:\/\/auschwitztoursfromwarsaw.com\/wp-content\/uploads\/2024\/10\/Tourists-with-a-guide-in-Auschwitz-Birkenau-1024x683.jpg 1024w, https:\/\/auschwitztoursfromwarsaw.com\/wp-content\/uploads\/2024\/10\/Tourists-with-a-guide-in-Auschwitz-Birkenau-300x200.jpg 300w, https:\/\/auschwitztoursfromwarsaw.com\/wp-content\/uploads\/2024\/10\/Tourists-with-a-guide-in-Auschwitz-Birkenau-768x512.jpg 768w, https:\/\/auschwitztoursfromwarsaw.com\/wp-content\/uploads\/2024\/10\/Tourists-with-a-guide-in-Auschwitz-Birkenau.jpg 1500w\" sizes=\"(max-width: 1024px) 100vw, 1024px\" \/><\/figure>\n<\/div>\n\n\n\n<div class=\"wp-block-column is-layout-flow wp-block-column-is-layout-flow\">\n<h3 class=\"wp-block-heading has-text-align-center has-theme-palette-3-color has-text-color has-link-color wp-elements-a5fd078e957a8c1dc1151634a46e1507\"><a href=\"https:\/\/auschwitztoursfromwarsaw.com\/auschwitz-dress-code\/\">El c\u00f3digo de vestimenta oficial de Auschwitz<\/a><\/h3>\n\n\n\n<figure class=\"wp-block-image size-large\"><img decoding=\"async\" width=\"1024\" height=\"683\" src=\"https:\/\/auschwitztoursfromwarsaw.com\/wp-content\/uploads\/2024\/10\/Tourists-entering-Auschwitz-Birkenau-considering-the-Auschwitz-dress-code-1024x683.jpg\" alt=\"Turistas que ingresan a Auschwitz Birkenau considerando el c\u00f3digo de vestimenta de Auschwitz\" class=\"wp-image-2453\" style=\"aspect-ratio:16\/9;object-fit:cover\" srcset=\"https:\/\/auschwitztoursfromwarsaw.com\/wp-content\/uploads\/2024\/10\/Tourists-entering-Auschwitz-Birkenau-considering-the-Auschwitz-dress-code-1024x683.jpg 1024w, https:\/\/auschwitztoursfromwarsaw.com\/wp-content\/uploads\/2024\/10\/Tourists-entering-Auschwitz-Birkenau-considering-the-Auschwitz-dress-code-300x200.jpg 300w, https:\/\/auschwitztoursfromwarsaw.com\/wp-content\/uploads\/2024\/10\/Tourists-entering-Auschwitz-Birkenau-considering-the-Auschwitz-dress-code-768x512.jpg 768w, https:\/\/auschwitztoursfromwarsaw.com\/wp-content\/uploads\/2024\/10\/Tourists-entering-Auschwitz-Birkenau-considering-the-Auschwitz-dress-code.jpg 1500w\" sizes=\"(max-width: 1024px) 100vw, 1024px\" \/><\/figure>\n<\/div>\n<\/div>\n\n\n\n<div style=\"height:50px\" aria-hidden=\"true\" class=\"wp-block-spacer\"><\/div>\n","protected":false},"excerpt":{"rendered":"<p>Blog &#8211; Visitas a Auschwitz desde Varsovia Bienvenidos a nuestro blog: Descubre todo sobre Auschwitz 10 razones para visitar Auschwitz C\u00f3mo ir de Varsovia a Auschwitz C\u00f3mo ir de Cracovia a Auschwitz C\u00f3mo llegar a Auschwitz: gu\u00eda definitiva La mejor \u00e9poca para visitar Auschwitz El c\u00f3digo de vestimenta oficial de Auschwitz<\/p>\n","protected":false},"author":2,"featured_media":2711,"parent":0,"menu_order":0,"comment_status":"closed","ping_status":"closed","template":"","meta":{"nf_dc_page":"","_kadence_starter_templates_imported_post":false,"_kad_post_transparent":"","_kad_post_title":"","_kad_post_layout":"","_kad_post_sidebar_id":"","_kad_post_content_style":"","_kad_post_vertical_padding":"","_kad_post_feature":"","_kad_post_feature_position":"","_kad_post_header":false,"_kad_post_footer":false,"_kad_post_classname":"","footnotes":""},"class_list":["post-3405","page","type-page","status-publish","has-post-thumbnail","hentry"],"_links":{"self":[{"href":"https:\/\/auschwitztoursfromwarsaw.com\/es\/wp-json\/wp\/v2\/pages\/3405","targetHints":{"allow":["GET"]}}],"collection":[{"href":"https:\/\/auschwitztoursfromwarsaw.com\/es\/wp-json\/wp\/v2\/pages"}],"about":[{"href":"https:\/\/auschwitztoursfromwarsaw.com\/es\/wp-json\/wp\/v2\/types\/page"}],"author":[{"embeddable":true,"href":"https:\/\/auschwitztoursfromwarsaw.com\/es\/wp-json\/wp\/v2\/users\/2"}],"replies":[{"embeddable":true,"href":"https:\/\/auschwitztoursfromwarsaw.com\/es\/wp-json\/wp\/v2\/comments?post=3405"}],"version-history":[{"count":2,"href":"https:\/\/auschwitztoursfromwarsaw.com\/es\/wp-json\/wp\/v2\/pages\/3405\/revisions"}],"predecessor-version":[{"id":3639,"href":"https:\/\/auschwitztoursfromwarsaw.com\/es\/wp-json\/wp\/v2\/pages\/3405\/revisions\/3639"}],"wp:featuredmedia":[{"embeddable":true,"href":"https:\/\/auschwitztoursfromwarsaw.com\/es\/wp-json\/wp\/v2\/media\/2711"}],"wp:attachment":[{"href":"https:\/\/auschwitztoursfromwarsaw.com\/es\/wp-json\/wp\/v2\/media?parent=3405"}],"curies":[{"name":"wp","href":"https:\/\/api.w.org\/{rel}","templated":true}]}}