{"id":3217,"date":"2024-10-13T03:37:03","date_gmt":"2024-10-13T03:37:03","guid":{"rendered":"https:\/\/auschwitztoursfromwarsaw.com\/blog\/"},"modified":"2024-10-18T07:03:22","modified_gmt":"2024-10-18T07:03:22","slug":"blog","status":"publish","type":"page","link":"https:\/\/auschwitztoursfromwarsaw.com\/fr\/blog\/","title":{"rendered":"Blog"},"content":{"rendered":"<style>.kb-row-layout-id2372_ad8987-e7 > .kt-row-column-wrap{align-content:center;}:where(.kb-row-layout-id2372_ad8987-e7 > .kt-row-column-wrap) > .wp-block-kadence-column{justify-content:center;}.kb-row-layout-id2372_ad8987-e7 > .kt-row-column-wrap{column-gap:var(--global-kb-gap-md, 2rem);row-gap:var(--global-kb-gap-md, 2rem);max-width:1000px;margin-left:auto;margin-right:auto;padding-top:100px;padding-right:25px;padding-bottom:100px;padding-left:25px;min-height:700px;grid-template-columns:minmax(0, 1fr);}.kb-row-layout-id2372_ad8987-e7{background-image:url('https:\/\/auschwitztoursfromwarsaw.com\/wp-content\/uploads\/2024\/10\/Signs-at-Auschwitz-Birkenau-concentration-camp.jpg');background-size:cover;background-position:47% 28.999999999999996%;background-attachment:scroll;background-repeat:no-repeat;}.kb-row-layout-id2372_ad8987-e7 > .kt-row-layout-overlay{opacity:0.59;background-color:var(--global-palette3, #1A202C);}@media all and (max-width: 1024px){.kb-row-layout-id2372_ad8987-e7 > .kt-row-column-wrap{grid-template-columns:minmax(0, 1fr);}}@media all and (max-width: 767px){.kb-row-layout-id2372_ad8987-e7 > .kt-row-column-wrap{padding-top:100px;padding-bottom:100px;min-height:470px;grid-template-columns:minmax(0, 1fr);}}<\/style><div class=\"kb-row-layout-wrap kb-row-layout-id2372_ad8987-e7 alignnone kt-row-has-bg wp-block-kadence-rowlayout\"><div class=\"kt-row-layout-overlay kt-row-overlay-normal\"><\/div><div class=\"kt-row-column-wrap kt-has-1-columns kt-row-layout-equal kt-tab-layout-inherit kt-mobile-layout-row kt-row-valign-middle\">\n<style>.kadence-column2372_9784ec-ef > .kt-inside-inner-col,.kadence-column2372_9784ec-ef > .kt-inside-inner-col:before{border-top-left-radius:0px;border-top-right-radius:0px;border-bottom-right-radius:0px;border-bottom-left-radius:0px;}.kadence-column2372_9784ec-ef > .kt-inside-inner-col{column-gap:var(--global-kb-gap-sm, 1rem);}.kadence-column2372_9784ec-ef > .kt-inside-inner-col{flex-direction:column;}.kadence-column2372_9784ec-ef > .kt-inside-inner-col > .aligncenter{width:100%;}.kadence-column2372_9784ec-ef > .kt-inside-inner-col:before{opacity:0.3;}.kadence-column2372_9784ec-ef{position:relative;}@media all and (max-width: 1024px){.kadence-column2372_9784ec-ef > .kt-inside-inner-col{flex-direction:column;justify-content:center;}}@media all and (max-width: 767px){.kadence-column2372_9784ec-ef > .kt-inside-inner-col{flex-direction:column;justify-content:center;}}<\/style>\n<div class=\"wp-block-kadence-column kadence-column2372_9784ec-ef\"><div class=\"kt-inside-inner-col\">\n<h2 class=\"wp-block-heading has-text-align-center has-theme-palette-9-color has-text-color has-link-color wp-elements-52be956a9eea4383b3b2c63971bc8e25\" style=\"font-size:40px\">Blog &#8211; Visites d\u2019Auschwitz au d\u00e9part de Varsovie<\/h2>\n<\/div><\/div>\n\n<\/div><\/div><style>.kb-row-layout-id2372_ad009e-64 > .kt-row-column-wrap{align-content:start;}:where(.kb-row-layout-id2372_ad009e-64 > .kt-row-column-wrap) > .wp-block-kadence-column{justify-content:start;}.kb-row-layout-id2372_ad009e-64 > .kt-row-column-wrap{column-gap:var(--global-kb-gap-md, 2rem);row-gap:var(--global-kb-gap-md, 2rem);max-width:1000px;margin-left:auto;margin-right:auto;padding-top:60px;padding-right:25px;padding-bottom:60px;padding-left:25px;grid-template-columns:minmax(0, 1fr);}.kb-row-layout-id2372_ad009e-64 > .kt-row-layout-overlay{opacity:0.30;}@media all and (max-width: 1024px){.kb-row-layout-id2372_ad009e-64 > .kt-row-column-wrap{grid-template-columns:minmax(0, 1fr);}}@media all and (max-width: 767px){.kb-row-layout-id2372_ad009e-64 > .kt-row-column-wrap{grid-template-columns:minmax(0, 1fr);}}<\/style><div class=\"kb-row-layout-wrap kb-row-layout-id2372_ad009e-64 alignnone has-theme-palette8-background-color kt-row-has-bg wp-block-kadence-rowlayout\"><div class=\"kt-row-column-wrap kt-has-1-columns kt-row-layout-equal kt-tab-layout-inherit kt-mobile-layout-row kt-row-valign-top\">\n<style>.kadence-column2372_f15f81-8f > .kt-inside-inner-col,.kadence-column2372_f15f81-8f > .kt-inside-inner-col:before{border-top-left-radius:0px;border-top-right-radius:0px;border-bottom-right-radius:0px;border-bottom-left-radius:0px;}.kadence-column2372_f15f81-8f > .kt-inside-inner-col{column-gap:var(--global-kb-gap-sm, 1rem);}.kadence-column2372_f15f81-8f > .kt-inside-inner-col{flex-direction:column;}.kadence-column2372_f15f81-8f > .kt-inside-inner-col > .aligncenter{width:100%;}.kadence-column2372_f15f81-8f > .kt-inside-inner-col:before{opacity:0.3;}.kadence-column2372_f15f81-8f{position:relative;}@media all and (max-width: 1024px){.kadence-column2372_f15f81-8f > .kt-inside-inner-col{flex-direction:column;justify-content:center;}}@media all and (max-width: 767px){.kadence-column2372_f15f81-8f > .kt-inside-inner-col{flex-direction:column;justify-content:center;}}<\/style>\n<div class=\"wp-block-kadence-column kadence-column2372_f15f81-8f\"><div class=\"kt-inside-inner-col\">\n<h2 class=\"wp-block-heading has-text-align-center\">Bienvenue sur notre blog : Tout savoir sur Auschwitz<\/h2>\n<\/div><\/div>\n\n<\/div><\/div>\n<div class=\"wp-block-columns has-theme-palette-3-color has-text-color has-link-color wp-elements-ffc590e5e2cd2944491dc98755542ae0 is-layout-flex wp-container-core-columns-is-layout-88098167 wp-block-columns-is-layout-flex\" style=\"padding-right:var(--wp--preset--spacing--30);padding-left:var(--wp--preset--spacing--30)\">\n<div class=\"wp-block-column is-layout-flow wp-block-column-is-layout-flow\">\n<h3 class=\"wp-block-heading has-text-align-center has-theme-palette-3-color has-text-color has-link-color wp-elements-753c2aead49c220e129c43992e08ed49\"><a href=\"https:\/\/auschwitztoursfromwarsaw.com\/is-auschwitz-worth-visiting\/\">10 raisons de visiter Auschwitz<\/a><\/h3>\n\n\n\n<figure class=\"wp-block-image size-large\"><img decoding=\"async\" width=\"1024\" height=\"683\" src=\"https:\/\/auschwitztoursfromwarsaw.com\/wp-content\/uploads\/2024\/10\/Entrance-of-Auschwitz-Birkenau-memorial-on-a-trip-from-Warsaw-to-Auschwitz-1024x683.jpg\" alt=\"Entr&#xE9;e du m&#xE9;morial d&#x2019;Auschwitz Birkenau lors d&#x2019;un voyage de Varsovie &#xE0; Auschwitz - Auschwitz vaut-il la peine d&#x2019;&#xEA;tre visit&#xE9; ?\" class=\"wp-image-2331\" style=\"aspect-ratio:16\/9;object-fit:cover\" srcset=\"https:\/\/auschwitztoursfromwarsaw.com\/wp-content\/uploads\/2024\/10\/Entrance-of-Auschwitz-Birkenau-memorial-on-a-trip-from-Warsaw-to-Auschwitz-1024x683.jpg 1024w, https:\/\/auschwitztoursfromwarsaw.com\/wp-content\/uploads\/2024\/10\/Entrance-of-Auschwitz-Birkenau-memorial-on-a-trip-from-Warsaw-to-Auschwitz-300x200.jpg 300w, https:\/\/auschwitztoursfromwarsaw.com\/wp-content\/uploads\/2024\/10\/Entrance-of-Auschwitz-Birkenau-memorial-on-a-trip-from-Warsaw-to-Auschwitz-768x512.jpg 768w, https:\/\/auschwitztoursfromwarsaw.com\/wp-content\/uploads\/2024\/10\/Entrance-of-Auschwitz-Birkenau-memorial-on-a-trip-from-Warsaw-to-Auschwitz.jpg 1500w\" sizes=\"(max-width: 1024px) 100vw, 1024px\" \/><\/figure>\n<\/div>\n\n\n\n<div class=\"wp-block-column is-layout-flow wp-block-column-is-layout-flow\">\n<h3 class=\"wp-block-heading has-text-align-center has-theme-palette-3-color has-text-color has-link-color wp-elements-e28900d13a9c13b2619b77cb0c5550e4\"><a href=\"https:\/\/auschwitztoursfromwarsaw.com\/warsaw-to-auschwitz\/\">Comment se rendre de Varsovie \u00e0 Auschwitz<\/a><\/h3>\n\n\n\n<figure class=\"wp-block-image size-large\"><img decoding=\"async\" width=\"1024\" height=\"768\" src=\"https:\/\/auschwitztoursfromwarsaw.com\/wp-content\/uploads\/2024\/10\/Warsaw-Station-getting-from-Warsaw-to-Auschwitz-1024x768.jpg\" alt=\"Gare de Varsovie - se rendre de Varsovie &#xE0; Auschwitz\" class=\"wp-image-2411\" style=\"aspect-ratio:16\/9;object-fit:cover\" srcset=\"https:\/\/auschwitztoursfromwarsaw.com\/wp-content\/uploads\/2024\/10\/Warsaw-Station-getting-from-Warsaw-to-Auschwitz-1024x768.jpg 1024w, https:\/\/auschwitztoursfromwarsaw.com\/wp-content\/uploads\/2024\/10\/Warsaw-Station-getting-from-Warsaw-to-Auschwitz-300x225.jpg 300w, https:\/\/auschwitztoursfromwarsaw.com\/wp-content\/uploads\/2024\/10\/Warsaw-Station-getting-from-Warsaw-to-Auschwitz-768x576.jpg 768w, https:\/\/auschwitztoursfromwarsaw.com\/wp-content\/uploads\/2024\/10\/Warsaw-Station-getting-from-Warsaw-to-Auschwitz.jpg 1500w\" sizes=\"(max-width: 1024px) 100vw, 1024px\" \/><\/figure>\n<\/div>\n\n\n\n<div class=\"wp-block-column is-layout-flow wp-block-column-is-layout-flow\">\n<h3 class=\"wp-block-heading has-text-align-center has-theme-palette-3-color has-text-color has-link-color wp-elements-e499027a7a5c4a967ccc10272bc7222e\"><a href=\"https:\/\/auschwitztoursfromwarsaw.com\/krakow-to-auschwitz\/\">Comment se rendre de Cracovie \u00e0 Auschwitz<\/a><\/h3>\n\n\n\n<figure class=\"wp-block-image size-large\"><img decoding=\"async\" width=\"1024\" height=\"682\" src=\"https:\/\/auschwitztoursfromwarsaw.com\/wp-content\/uploads\/2024\/10\/Krakow-train-station-in-Poland-1024x682.jpg\" alt=\"Gare de Cracovie en Pologne\" class=\"wp-image-2420\" style=\"aspect-ratio:16\/9;object-fit:cover\" srcset=\"https:\/\/auschwitztoursfromwarsaw.com\/wp-content\/uploads\/2024\/10\/Krakow-train-station-in-Poland-1024x682.jpg 1024w, https:\/\/auschwitztoursfromwarsaw.com\/wp-content\/uploads\/2024\/10\/Krakow-train-station-in-Poland-300x200.jpg 300w, https:\/\/auschwitztoursfromwarsaw.com\/wp-content\/uploads\/2024\/10\/Krakow-train-station-in-Poland-768x511.jpg 768w, https:\/\/auschwitztoursfromwarsaw.com\/wp-content\/uploads\/2024\/10\/Krakow-train-station-in-Poland.jpg 1500w\" sizes=\"(max-width: 1024px) 100vw, 1024px\" \/><\/figure>\n<\/div>\n<\/div>\n\n<div style=\"height:50px\" aria-hidden=\"true\" class=\"wp-block-spacer\"><\/div>\n\n<div class=\"wp-block-columns is-layout-flex wp-container-core-columns-is-layout-88098167 wp-block-columns-is-layout-flex\" style=\"padding-right:var(--wp--preset--spacing--30);padding-left:var(--wp--preset--spacing--30)\">\n<div class=\"wp-block-column is-layout-flow wp-block-column-is-layout-flow\">\n<h3 class=\"wp-block-heading has-text-align-center has-theme-palette-3-color has-text-color has-link-color wp-elements-e2e0cecc33c57d4cfcafd7ef907bb2b9\"><a href=\"https:\/\/auschwitztoursfromwarsaw.com\/how-to-get-to-auschwitz\/\">Comment se rendre \u00e0 Auschwitz : guide ultime<\/a><\/h3>\n\n\n\n<figure class=\"wp-block-image size-large\"><img decoding=\"async\" width=\"1024\" height=\"679\" src=\"https:\/\/auschwitztoursfromwarsaw.com\/wp-content\/uploads\/2024\/10\/Entrance-of-Auschwitz-concentration-camp-on-a-sunny-day-1024x679.jpg\" alt=\"Entr&#xE9;e du camp de concentration d&#x2019;Auschwitz par une journ&#xE9;e ensoleill&#xE9;e - Voici comment se rendre &#xE0; Auschwitz\" class=\"wp-image-2413\" style=\"aspect-ratio:16\/9;object-fit:cover\" srcset=\"https:\/\/auschwitztoursfromwarsaw.com\/wp-content\/uploads\/2024\/10\/Entrance-of-Auschwitz-concentration-camp-on-a-sunny-day-1024x679.jpg 1024w, https:\/\/auschwitztoursfromwarsaw.com\/wp-content\/uploads\/2024\/10\/Entrance-of-Auschwitz-concentration-camp-on-a-sunny-day-300x199.jpg 300w, https:\/\/auschwitztoursfromwarsaw.com\/wp-content\/uploads\/2024\/10\/Entrance-of-Auschwitz-concentration-camp-on-a-sunny-day-768x509.jpg 768w, https:\/\/auschwitztoursfromwarsaw.com\/wp-content\/uploads\/2024\/10\/Entrance-of-Auschwitz-concentration-camp-on-a-sunny-day.jpg 1500w\" sizes=\"(max-width: 1024px) 100vw, 1024px\" \/><\/figure>\n<\/div>\n\n\n\n<div class=\"wp-block-column is-layout-flow wp-block-column-is-layout-flow\">\n<h3 class=\"wp-block-heading has-text-align-center\"><a href=\"https:\/\/auschwitztoursfromwarsaw.com\/best-time-to-visit-auschwitz\/\">Le meilleur moment pour visiter Auschwitz<\/a><\/h3>\n\n\n\n<figure class=\"wp-block-image size-large\"><img decoding=\"async\" width=\"1024\" height=\"683\" src=\"https:\/\/auschwitztoursfromwarsaw.com\/wp-content\/uploads\/2024\/10\/Tourists-with-a-guide-in-Auschwitz-Birkenau-1024x683.jpg\" alt=\"Touristes avec un guide &#xE0; Auschwitz Birkenau\" class=\"wp-image-2412\" style=\"aspect-ratio:16\/9;object-fit:cover\" srcset=\"https:\/\/auschwitztoursfromwarsaw.com\/wp-content\/uploads\/2024\/10\/Tourists-with-a-guide-in-Auschwitz-Birkenau-1024x683.jpg 1024w, https:\/\/auschwitztoursfromwarsaw.com\/wp-content\/uploads\/2024\/10\/Tourists-with-a-guide-in-Auschwitz-Birkenau-300x200.jpg 300w, https:\/\/auschwitztoursfromwarsaw.com\/wp-content\/uploads\/2024\/10\/Tourists-with-a-guide-in-Auschwitz-Birkenau-768x512.jpg 768w, https:\/\/auschwitztoursfromwarsaw.com\/wp-content\/uploads\/2024\/10\/Tourists-with-a-guide-in-Auschwitz-Birkenau.jpg 1500w\" sizes=\"(max-width: 1024px) 100vw, 1024px\" \/><\/figure>\n<\/div>\n\n\n\n<div class=\"wp-block-column is-layout-flow wp-block-column-is-layout-flow\">\n<h3 class=\"wp-block-heading has-text-align-center has-theme-palette-3-color has-text-color has-link-color wp-elements-a8dbba84c29dbf0ba0603a3bf83f19b5\"><a href=\"https:\/\/auschwitztoursfromwarsaw.com\/auschwitz-dress-code\/\">Le code vestimentaire officiel d\u2019Auschwitz<\/a><\/h3>\n\n\n\n<figure class=\"wp-block-image size-large\"><img decoding=\"async\" width=\"1024\" height=\"683\" src=\"https:\/\/auschwitztoursfromwarsaw.com\/wp-content\/uploads\/2024\/10\/Tourists-entering-Auschwitz-Birkenau-considering-the-Auschwitz-dress-code-1024x683.jpg\" alt=\"Touristes entrant &#xE0; Auschwitz Birkenau compte tenu du code vestimentaire d&#x2019;Auschwitz\" class=\"wp-image-2453\" style=\"aspect-ratio:16\/9;object-fit:cover\" srcset=\"https:\/\/auschwitztoursfromwarsaw.com\/wp-content\/uploads\/2024\/10\/Tourists-entering-Auschwitz-Birkenau-considering-the-Auschwitz-dress-code-1024x683.jpg 1024w, https:\/\/auschwitztoursfromwarsaw.com\/wp-content\/uploads\/2024\/10\/Tourists-entering-Auschwitz-Birkenau-considering-the-Auschwitz-dress-code-300x200.jpg 300w, https:\/\/auschwitztoursfromwarsaw.com\/wp-content\/uploads\/2024\/10\/Tourists-entering-Auschwitz-Birkenau-considering-the-Auschwitz-dress-code-768x512.jpg 768w, https:\/\/auschwitztoursfromwarsaw.com\/wp-content\/uploads\/2024\/10\/Tourists-entering-Auschwitz-Birkenau-considering-the-Auschwitz-dress-code.jpg 1500w\" sizes=\"(max-width: 1024px) 100vw, 1024px\" \/><\/figure>\n<\/div>\n<\/div>\n\n<div style=\"height:50px\" aria-hidden=\"true\" class=\"wp-block-spacer\"><\/div>\n","protected":false},"excerpt":{"rendered":"<p>Blog &#8211; Visites d\u2019Auschwitz au d\u00e9part de Varsovie Bienvenue sur notre blog : Tout savoir sur Auschwitz 10 raisons de visiter Auschwitz Comment se rendre de Varsovie \u00e0 Auschwitz Comment se rendre de Cracovie \u00e0 Auschwitz Comment se rendre \u00e0 Auschwitz : guide ultime Le meilleur moment pour visiter Auschwitz Le code vestimentaire officiel d\u2019Auschwitz<\/p>\n","protected":false},"author":2,"featured_media":2705,"parent":0,"menu_order":0,"comment_status":"closed","ping_status":"closed","template":"","meta":{"nf_dc_page":"","_kadence_starter_templates_imported_post":false,"_kad_post_transparent":"","_kad_post_title":"","_kad_post_layout":"","_kad_post_sidebar_id":"","_kad_post_content_style":"","_kad_post_vertical_padding":"","_kad_post_feature":"","_kad_post_feature_position":"","_kad_post_header":false,"_kad_post_footer":false,"_kad_post_classname":"","footnotes":""},"class_list":["post-3217","page","type-page","status-publish","has-post-thumbnail","hentry"],"_links":{"self":[{"href":"https:\/\/auschwitztoursfromwarsaw.com\/fr\/wp-json\/wp\/v2\/pages\/3217","targetHints":{"allow":["GET"]}}],"collection":[{"href":"https:\/\/auschwitztoursfromwarsaw.com\/fr\/wp-json\/wp\/v2\/pages"}],"about":[{"href":"https:\/\/auschwitztoursfromwarsaw.com\/fr\/wp-json\/wp\/v2\/types\/page"}],"author":[{"embeddable":true,"href":"https:\/\/auschwitztoursfromwarsaw.com\/fr\/wp-json\/wp\/v2\/users\/2"}],"replies":[{"embeddable":true,"href":"https:\/\/auschwitztoursfromwarsaw.com\/fr\/wp-json\/wp\/v2\/comments?post=3217"}],"version-history":[{"count":1,"href":"https:\/\/auschwitztoursfromwarsaw.com\/fr\/wp-json\/wp\/v2\/pages\/3217\/revisions"}],"predecessor-version":[{"id":3222,"href":"https:\/\/auschwitztoursfromwarsaw.com\/fr\/wp-json\/wp\/v2\/pages\/3217\/revisions\/3222"}],"wp:featuredmedia":[{"embeddable":true,"href":"https:\/\/auschwitztoursfromwarsaw.com\/fr\/wp-json\/wp\/v2\/media\/2705"}],"wp:attachment":[{"href":"https:\/\/auschwitztoursfromwarsaw.com\/fr\/wp-json\/wp\/v2\/media?parent=3217"}],"curies":[{"name":"wp","href":"https:\/\/api.w.org\/{rel}","templated":true}]}}