{"id":3209,"date":"2024-10-13T03:26:40","date_gmt":"2024-10-13T03:26:40","guid":{"rendered":"https:\/\/auschwitztoursfromwarsaw.com\/contato\/"},"modified":"2024-10-17T15:39:33","modified_gmt":"2024-10-17T15:39:33","slug":"contato","status":"publish","type":"page","link":"https:\/\/auschwitztoursfromwarsaw.com\/pt-pt\/contato\/","title":{"rendered":"Contato"},"content":{"rendered":"<style>.kb-row-layout-id2368_32fe5e-64 > .kt-row-column-wrap{align-content:center;}:where(.kb-row-layout-id2368_32fe5e-64 > .kt-row-column-wrap) > .wp-block-kadence-column{justify-content:center;}.kb-row-layout-id2368_32fe5e-64 > .kt-row-column-wrap{column-gap:var(--global-kb-gap-md, 2rem);row-gap:var(--global-kb-gap-md, 2rem);max-width:1000px;margin-left:auto;margin-right:auto;padding-top:100px;padding-right:25px;padding-bottom:100px;padding-left:25px;min-height:700px;grid-template-columns:minmax(0, 1fr);}.kb-row-layout-id2368_32fe5e-64{background-image:url('https:\/\/auschwitztoursfromwarsaw.com\/wp-content\/uploads\/2024\/10\/Visiting-Auschwitz-Birkenau.jpg');background-size:cover;background-position:35% 54%;background-attachment:scroll;background-repeat:no-repeat;}.kb-row-layout-id2368_32fe5e-64 > .kt-row-layout-overlay{opacity:0.74;background-color:var(--global-palette4, #2D3748);}@media all and (max-width: 1024px){.kb-row-layout-id2368_32fe5e-64 > .kt-row-column-wrap{grid-template-columns:minmax(0, 1fr);}}@media all and (max-width: 767px){.kb-row-layout-id2368_32fe5e-64 > .kt-row-column-wrap{padding-top:100px;padding-bottom:100px;min-height:470px;grid-template-columns:minmax(0, 1fr);}}<\/style><div class=\"kb-row-layout-wrap kb-row-layout-id2368_32fe5e-64 alignnone kt-row-has-bg wp-block-kadence-rowlayout\"><div class=\"kt-row-layout-overlay kt-row-overlay-normal\"><\/div><div class=\"kt-row-column-wrap kt-has-1-columns kt-row-layout-equal kt-tab-layout-inherit kt-mobile-layout-row kt-row-valign-middle\">\n<style>.kadence-column2368_dd2c7e-e1 > .kt-inside-inner-col,.kadence-column2368_dd2c7e-e1 > .kt-inside-inner-col:before{border-top-left-radius:0px;border-top-right-radius:0px;border-bottom-right-radius:0px;border-bottom-left-radius:0px;}.kadence-column2368_dd2c7e-e1 > .kt-inside-inner-col{column-gap:var(--global-kb-gap-sm, 1rem);}.kadence-column2368_dd2c7e-e1 > .kt-inside-inner-col{flex-direction:column;}.kadence-column2368_dd2c7e-e1 > .kt-inside-inner-col > .aligncenter{width:100%;}.kadence-column2368_dd2c7e-e1 > .kt-inside-inner-col:before{opacity:0.3;}.kadence-column2368_dd2c7e-e1{position:relative;}@media all and (max-width: 1024px){.kadence-column2368_dd2c7e-e1 > .kt-inside-inner-col{flex-direction:column;justify-content:center;}}@media all and (max-width: 767px){.kadence-column2368_dd2c7e-e1 > .kt-inside-inner-col{flex-direction:column;justify-content:center;}}<\/style>\n<div class=\"wp-block-kadence-column kadence-column2368_dd2c7e-e1\"><div class=\"kt-inside-inner-col\">\n<h2 class=\"wp-block-heading has-text-align-center has-theme-palette-9-color has-text-color has-link-color wp-elements-95bf6015c4e66ab036edb889535f5057\" style=\"font-size:40px\">Contacte-nos<\/h2>\n\n\n\n<p class=\"has-text-align-center has-theme-palette-9-color has-text-color has-link-color wp-elements-2ba15c7363abf2ec50eeab1d0e8a8a3c\" style=\"font-size:22px\">Obrigado por passar pela nossa p\u00e1gina de contato, estamos t\u00e3o felizes que voc\u00ea est\u00e1 aqui.<\/p>\n\n\n\n<p class=\"has-text-align-center has-theme-palette-9-color has-text-color has-link-color wp-elements-e9114ed8c4e3ba676af0092abde7a2ea\" style=\"font-size:22px\">Precisa de mais informa\u00e7\u00f5es ou tem d\u00favidas sobre os nossos passeios em Auschwitz? Estamos aqui para ajudar. Sinta-se \u00e0 vontade para entrar em contato conosco atrav\u00e9s do formul\u00e1rio abaixo, e entraremos em contato com voc\u00ea o mais r\u00e1pido poss\u00edvel. Voc\u00ea tamb\u00e9m pode ligar ou enviar um e-mail diretamente para obter assist\u00eancia r\u00e1pida. Estamos empenhados em tornar a sua visita o mais suave e informativa poss\u00edvel.    <\/p>\n<\/div><\/div>\n\n<\/div><\/div><style>.kb-row-layout-id2368_377e5a-44 > .kt-row-column-wrap{align-content:start;}:where(.kb-row-layout-id2368_377e5a-44 > .kt-row-column-wrap) > .wp-block-kadence-column{justify-content:start;}.kb-row-layout-id2368_377e5a-44 > .kt-row-column-wrap{column-gap:var(--global-kb-gap-md, 2rem);row-gap:var(--global-kb-gap-md, 2rem);max-width:1000px;margin-left:auto;margin-right:auto;padding-top:60px;padding-right:25px;padding-bottom:60px;padding-left:25px;grid-template-columns:minmax(0, 1fr);}.kb-row-layout-id2368_377e5a-44 > .kt-row-layout-overlay{opacity:0.30;}@media all and (max-width: 1024px){.kb-row-layout-id2368_377e5a-44 > .kt-row-column-wrap{grid-template-columns:minmax(0, 1fr);}}@media all and (max-width: 767px){.kb-row-layout-id2368_377e5a-44 > .kt-row-column-wrap{grid-template-columns:minmax(0, 1fr);}}<\/style><div class=\"kb-row-layout-wrap kb-row-layout-id2368_377e5a-44 alignnone has-theme-palette8-background-color kt-row-has-bg wp-block-kadence-rowlayout\"><div class=\"kt-row-column-wrap kt-has-1-columns kt-row-layout-equal kt-tab-layout-inherit kt-mobile-layout-row kt-row-valign-top\">\n<style>.kadence-column2368_83a8fb-8d > .kt-inside-inner-col,.kadence-column2368_83a8fb-8d > .kt-inside-inner-col:before{border-top-left-radius:0px;border-top-right-radius:0px;border-bottom-right-radius:0px;border-bottom-left-radius:0px;}.kadence-column2368_83a8fb-8d > .kt-inside-inner-col{column-gap:var(--global-kb-gap-sm, 1rem);}.kadence-column2368_83a8fb-8d > .kt-inside-inner-col{flex-direction:column;}.kadence-column2368_83a8fb-8d > .kt-inside-inner-col > .aligncenter{width:100%;}.kadence-column2368_83a8fb-8d > .kt-inside-inner-col:before{opacity:0.3;}.kadence-column2368_83a8fb-8d{position:relative;}@media all and (max-width: 1024px){.kadence-column2368_83a8fb-8d > .kt-inside-inner-col{flex-direction:column;justify-content:center;}}@media all and (max-width: 767px){.kadence-column2368_83a8fb-8d > .kt-inside-inner-col{flex-direction:column;justify-content:center;}}<\/style>\n<div class=\"wp-block-kadence-column kadence-column2368_83a8fb-8d\"><div class=\"kt-inside-inner-col\"><style>.kadence-column2368_666ebe-e1 > .kt-inside-inner-col,.kadence-column2368_666ebe-e1 > .kt-inside-inner-col:before{border-top-left-radius:0px;border-top-right-radius:0px;border-bottom-right-radius:0px;border-bottom-left-radius:0px;}.kadence-column2368_666ebe-e1 > .kt-inside-inner-col{column-gap:var(--global-kb-gap-sm, 1rem);}.kadence-column2368_666ebe-e1 > .kt-inside-inner-col{flex-direction:column;}.kadence-column2368_666ebe-e1 > .kt-inside-inner-col > .aligncenter{width:100%;}.kadence-column2368_666ebe-e1 > .kt-inside-inner-col:before{opacity:0.3;}.kadence-column2368_666ebe-e1{position:relative;}@media all and (max-width: 1024px){.kadence-column2368_666ebe-e1 > .kt-inside-inner-col{flex-direction:column;justify-content:center;}}@media all and (max-width: 767px){.kadence-column2368_666ebe-e1 > .kt-inside-inner-col{flex-direction:column;justify-content:center;}}<\/style>\n<div class=\"wp-block-kadence-column kadence-column2368_666ebe-e1 inner-column-1\"><div class=\"kt-inside-inner-col\"><style>.wp-block-kadence-advancedheading.kt-adv-heading2368_a16fe1-15, .wp-block-kadence-advancedheading.kt-adv-heading2368_a16fe1-15[data-kb-block=\"kb-adv-heading2368_a16fe1-15\"]{text-align:center;font-size:34px;font-weight:normal;font-style:normal;}.wp-block-kadence-advancedheading.kt-adv-heading2368_a16fe1-15 mark.kt-highlight, .wp-block-kadence-advancedheading.kt-adv-heading2368_a16fe1-15[data-kb-block=\"kb-adv-heading2368_a16fe1-15\"] mark.kt-highlight{font-weight:normal;font-style:normal;color:#f76a0c;-webkit-box-decoration-break:clone;box-decoration-break:clone;padding-top:0px;padding-right:0px;padding-bottom:0px;padding-left:0px;}.wp-block-kadence-advancedheading.kt-adv-heading2368_a16fe1-15 img.kb-inline-image, .wp-block-kadence-advancedheading.kt-adv-heading2368_a16fe1-15[data-kb-block=\"kb-adv-heading2368_a16fe1-15\"] img.kb-inline-image{width:150px;vertical-align:baseline;}<\/style>\n<h2 class=\"kt-adv-heading2368_a16fe1-15 wp-block-kadence-advancedheading\" data-kb-block=\"kb-adv-heading2368_a16fe1-15\">Ligue-se a n\u00f3s<\/h2>\n\n\n<style>.kadence-form-2368_d4e34b-55 .kb-form .kadence-blocks-form-field .kb-text-style-field, .kadence-form-2368_d4e34b-55 .kb-form .kadence-blocks-form-field .kb-select-style-field{border-radius:0px;font-size:16px;border-width:1px 1px 1px 1px;background:#ffffff;border-color:#e1e1e1;}.kadence-form-2368_d4e34b-55 .kb-form .kadence-blocks-form-field .kb-text-style-field{padding-top:18px;padding-right:18px;padding-bottom:18px;padding-left:18px;}.kadence-form-2368_d4e34b-55 .kb-form .kadence-blocks-form-field .kb-forms-submit{color:#ffffff;border-radius:0px;background:var(--global-palette1, #3182CE);}.kadence-form-2368_d4e34b-55 .kb-form .kadence-blocks-form-field .kb-forms-submit:hover, .kadence-form-2368_d4e34b-55 .kb-form .kadence-blocks-form-field .kb-forms-submit:focus {color:#ffffff;background:var(--global-palette2, #2B6CB0);}.kadence-form-2368_d4e34b-55 .kb-form .kadence-blocks-form-field .kb-forms-submit{line-height:40px;font-style:normal;font-weight:regular;}.kb-form input.kadence-blocks-field.verify{opacity:0.0;position:absolute;top:0.0;left:0.0;width:0.0;height:0.0;z-index:-1;}<\/style>\n<div class=\"wp-block-kadence-form kadence-form-2368_d4e34b-55 kb-form-wrap\"><form class=\"kb-form\" action=\"\" method=\"post\"><div class=\"kadence-blocks-form-field kb-field-desk-width-100 kb-input-size-custom\"><input name=\"kb_field_0\" id=\"kb_field_2368_d4e34b-55_0\" data-label=\"Nome Completo\" type=\"text\" placeholder=\"Nome Completo\" value=\"\" data-type=\"text\" class=\"kb-field kb-text-style-field kb-text-field kb-field-0\"\/><\/div><div class=\"kadence-blocks-form-field kb-form-field-1 kb-field-desk-width-100 kb-input-size-custom\"><input name=\"kb_field_1\" id=\"kb_field_2368_d4e34b-55_1\" data-label=\"Email\" type=\"email\" placeholder=\"Endere&#xE7;o de e-mail\" value=\"\" data-type=\"email\" class=\"kb-field kb-text-style-field kb-email-field kb-field-1\" data-required=\"yes\"\/><\/div><div class=\"kadence-blocks-form-field kb-form-field-2 kb-field-desk-width-100 kb-input-size-custom\"><textarea name=\"kb_field_2\" id=\"kb_field_2368_d4e34b-55_2\" data-label=\"Observa&#xE7;&#xF5;es\" type=\"textarea\" placeholder=\"Qual &#xE9; a sua pergunta ou coment&#xE1;rio?\" data-type=\"textarea\" class=\"kb-field kb-text-style-field kb-textarea-field kb-field-2\" rows=\"4\" data-required=\"yes\"><\/textarea><\/div><input type=\"hidden\" name=\"_kb_form_id\" value=\"2368_d4e34b-55\"\/><input type=\"hidden\" name=\"_kb_form_post_id\" value=\"3209\"\/><input type=\"hidden\" name=\"action\" value=\"kb_process_ajax_submit\"\/><label class=\"kadence-verify-label\">Email<input class=\"kadence-blocks-field verify\" type=\"text\" name=\"_kb_verify_email\" autocomplete=\"new-password\" aria-hidden=\"true\" placeholder=\"Email\" tabindex=\"-1\" data-1p-ignore=\"true\" data-lpignore=\"true\" \/><\/label><div class=\"kadence-blocks-form-field kb-submit-field kb-field-desk-width-100\"><button class=\"kb-forms-submit button kb-button-size-standard kb-button-width-full\">Enviar<\/button><\/div><\/form><\/div>\n<noscript><div class=\"kadence-blocks-form-message kadence-blocks-form-warning\">Please enable JavaScript in your browser to submit the form<\/div><style>.kadence-form-2368_d4e34b-55 .kadence-blocks-form-field.kb-submit-field { display: none; }<\/style><\/noscript><\/div><\/div>\n<\/div><\/div>\n\n<\/div><\/div>","protected":false},"excerpt":{"rendered":"<p>Contacte-nos Obrigado por passar pela nossa p\u00e1gina de contato, estamos t\u00e3o felizes que voc\u00ea est\u00e1 aqui. Precisa de mais informa\u00e7\u00f5es ou tem d\u00favidas sobre os nossos passeios em Auschwitz? Estamos aqui para ajudar. Sinta-se \u00e0 vontade para entrar em contato conosco atrav\u00e9s do formul\u00e1rio abaixo, e entraremos em contato com voc\u00ea o mais r\u00e1pido poss\u00edvel&#8230;.<\/p>\n","protected":false},"author":2,"featured_media":2709,"parent":0,"menu_order":0,"comment_status":"closed","ping_status":"closed","template":"","meta":{"nf_dc_page":"","_kadence_starter_templates_imported_post":false,"_kad_post_transparent":"","_kad_post_title":"","_kad_post_layout":"","_kad_post_sidebar_id":"","_kad_post_content_style":"","_kad_post_vertical_padding":"","_kad_post_feature":"","_kad_post_feature_position":"","_kad_post_header":false,"_kad_post_footer":false,"_kad_post_classname":"","footnotes":""},"class_list":["post-3209","page","type-page","status-publish","has-post-thumbnail","hentry"],"_links":{"self":[{"href":"https:\/\/auschwitztoursfromwarsaw.com\/pt-pt\/wp-json\/wp\/v2\/pages\/3209","targetHints":{"allow":["GET"]}}],"collection":[{"href":"https:\/\/auschwitztoursfromwarsaw.com\/pt-pt\/wp-json\/wp\/v2\/pages"}],"about":[{"href":"https:\/\/auschwitztoursfromwarsaw.com\/pt-pt\/wp-json\/wp\/v2\/types\/page"}],"author":[{"embeddable":true,"href":"https:\/\/auschwitztoursfromwarsaw.com\/pt-pt\/wp-json\/wp\/v2\/users\/2"}],"replies":[{"embeddable":true,"href":"https:\/\/auschwitztoursfromwarsaw.com\/pt-pt\/wp-json\/wp\/v2\/comments?post=3209"}],"version-history":[{"count":1,"href":"https:\/\/auschwitztoursfromwarsaw.com\/pt-pt\/wp-json\/wp\/v2\/pages\/3209\/revisions"}],"predecessor-version":[{"id":3215,"href":"https:\/\/auschwitztoursfromwarsaw.com\/pt-pt\/wp-json\/wp\/v2\/pages\/3209\/revisions\/3215"}],"wp:featuredmedia":[{"embeddable":true,"href":"https:\/\/auschwitztoursfromwarsaw.com\/pt-pt\/wp-json\/wp\/v2\/media\/2709"}],"wp:attachment":[{"href":"https:\/\/auschwitztoursfromwarsaw.com\/pt-pt\/wp-json\/wp\/v2\/media?parent=3209"}],"curies":[{"name":"wp","href":"https:\/\/api.w.org\/{rel}","templated":true}]}}